{"id":15164,"date":"2023-07-03T09:43:51","date_gmt":"2023-07-03T09:43:51","guid":{"rendered":"https:\/\/iexsasia.com\/may-tinh-giao-dich\/"},"modified":"2023-12-21T05:51:21","modified_gmt":"2023-12-21T05:51:21","slug":"may-tinh-giao-dich","status":"publish","type":"page","link":"https:\/\/viexs.co.uk\/vi\/may-tinh-giao-dich\/","title":{"rendered":"M\u00e1y t\u00ednh giao d\u1ecbch"},"content":{"rendered":"<div class=\"wpb-content-wrapper\">[vc_section full_width=&#8221;stretch_row&#8221; pix_over_visibility=&#8221;&#8221; bottom_divider_select=&#8221;19&#8243; bottom_layers=&#8221;1&#8243; b_1_color=&#8221;#f8f9fa&#8221; css=&#8221;.vc_custom_1592520012932{padding-top: 60px !important;padding-bottom: 60px !important;background-color: #ffffff !important;}&#8221;][vc_row pix_particles_check=&#8221;&#8221; css=&#8221;.vc_custom_1688376982002{padding-top: 80px !important;}&#8221;][vc_column content_align=&#8221;text-center&#8221; offset=&#8221;vc_col-md-offset-2 vc_col-md-8&#8243;]<div class=\"pix-content-box card      vc_custom_1592351962093    rounded-10 bg- w-100  \"   ><div class=\"\" style=\"z-index:30;position:relative;\"><div id=\"el1688376937595-bb32603f-e8db\" class=\"mb-3 text-center  vc_custom_1688377734688\"><div class=\"d-inline-block\" style=\"max-width:600px;\"><h2 class=\"mb-32 pix-sliding-headline-2 animate-in font-weight-bold secondary-font \" data-anim-type=\"pix-sliding-text\" pix-anim-delay=\"500\" data-class=\"secondary-font text-heading-default\" style=\"\"><span class=\"slide-in-container \"><span class=\"pix-sliding-item secondary-font text-heading-default\" style=\"transition-delay: 0ms;\">M\u00e1y&#32;<\/span><\/span> <span class=\"slide-in-container \"><span class=\"pix-sliding-item secondary-font text-heading-default\" style=\"transition-delay: 150ms;\">t\u00ednh&#32;<\/span><\/span> <span class=\"slide-in-container \"><span class=\"pix-sliding-item secondary-font text-heading-default\" style=\"transition-delay: 300ms;\">giao&#32;<\/span><\/span> <span class=\"slide-in-container \"><span class=\"pix-sliding-item secondary-font text-heading-default\" style=\"transition-delay: 450ms;\">d\u1ecbch&#32;<\/span><\/span> <\/h2><\/div><\/div><div class=\"pix-el-text w-100  \" ><div class=\"d-inline-block\" style=\"max-width:500px;\"><p class=\"text-20  text-body-default  \" ><span class=\"text-body-default animate-in d-inline-block\" data-anim-delay=\"400\" data-anim-type=\"fade-in-up\">C\u00f4ng c\u1ee5 t\u00ednh to\u00e1n ngo\u1ea1i h\u1ed1i to\u00e0n c\u1ea7u t\u1ef1 \u0111\u1ed9ng t\u00ednh to\u00e1n m\u1ee9c k\u00fd qu\u1ef9 y\u00eau c\u1ea7u, hoa h\u1ed3ng cho giao d\u1ecbch v\u00e0 gi\u00e1 tr\u1ecb 1 \u0111i\u1ec3m cho b\u1ea5t k\u1ef3 v\u1ecb th\u1ebf n\u00e0o.<\/span><\/p><\/div><\/div><a  href=\"https:\/\/portal.iexcrm.com\/\" class=\"btn mb-2     shadow-inverse-lg shadow-inverse-hover-sm scale-inverse-sm text-white btn-primary btn-flat d-inline-block    secondary-font  btn-md\"     ><span class=\"font-weight-bold \" >giao d\u1ecbch ngay<\/span> <i class=\"font-weight-bold pixicon-angle-right   ml-1\"><\/i><\/a><\/div><\/div>[\/vc_column][\/vc_row][\/vc_section][vc_section full_width=&#8221;stretch_row&#8221; pix_over_visibility=&#8221;&#8221; bottom_divider_select=&#8221;dynamic&#8221; bottom_moving_divider_color=&#8221;%5B%7B%22d_color_1%22%3A%22%23f8f9fa%22%2C%22d_color_2%22%3A%22%23f8f9fa%22%7D%5D&#8221; css=&#8221;.vc_custom_1688717793437{padding-top: 80px !important;padding-bottom: 80px !important;background-color: #ffffff !important;}&#8221;][vc_row pix_particles_check=&#8221;&#8221;][vc_column width=&#8221;5\/12&#8243;]<div class=\"pix-content-box card   sticky-top pix-sticky-top-adjust      rounded-lg bg- w-100  \"   ><div class=\"\" style=\"z-index:30;position:relative;\"><div class=\"pix-el-text w-100  \" ><p class=\"text-18 m-0 text-heading-default  font-weight-bold secondary-font\" ><span class=\"text-heading-default animate-in d-inline-block\" data-anim-delay=\"200\" data-anim-type=\"fade-in-up\">Th\u00edch s\u1eed d\u1ee5ng ph\u1ea7n t\u1eed h\u1ed9p n\u1ed5i b\u1eadt<\/span><\/p><\/div><div  class=\"pix-heading-el text-left  vc_custom_1688717843541\"><div><div class=\"slide-in-container2\"><h2 class=\"text-primary font-weight-bold heading-text el-title_custom_color mb-12\" style=\"\" data-anim-type=\"\" data-anim-delay=\"0\">M\u00e1y t\u00ednh k\u00fd qu\u1ef9 ngo\u1ea1i h\u1ed1i<\/h2><\/div><\/div><\/div><div class=\"pix-el-text w-100   vc_custom_1613349567866\" ><p class=\"text-20 m-0 text-body-default  font-weight-bold\" >Gi\u1ea3i ph\u00f3ng s\u1ee9c m\u1ea1nh c\u1ee7a WordPress ngay h\u00f4m nay v\u1edbi Essentials\u26a1\ufe0f X\u00e2y d\u1ef1ng c\u00e1c trang web tuy\u1ec7t \u0111\u1eb9p m\u00e0 kh\u00f4ng c\u1ea7n vi\u1ebft m\u1ed9t d\u00f2ng m\u00e3 n\u00e0o!<\/p><\/div><\/div><\/div>[\/vc_column][vc_column width=&#8221;7\/12&#8243;][vc_raw_html]W2Z4Y2FsY19tYXJnaW5d[\/vc_raw_html][\/vc_column][\/vc_row][\/vc_section][vc_section full_width=&#8221;stretch_row&#8221; pix_over_visibility=&#8221;&#8221; bottom_divider_select=&#8221;dynamic&#8221; bottom_moving_divider_color=&#8221;%5B%7B%22d_color_1%22%3A%22%23f8f9fa%22%2C%22d_color_2%22%3A%22%23f8f9fa%22%7D%5D&#8221; top_divider_select=&#8221;dynamic&#8221; top_moving_divider_color=&#8221;%5B%7B%22d_gradient%22%3A%22%22%2C%22d_color_1%22%3A%22%23f8f9fa%22%2C%22d_color_2%22%3A%22%23f8f9fa%22%7D%5D&#8221; css=&#8221;.vc_custom_1688717799906{padding-top: 80px !important;padding-bottom: 80px !important;background-color: #ffffff !important;}&#8221;][vc_row pix_particles_check=&#8221;&#8221;][vc_column width=&#8221;5\/12&#8243;]<div class=\"pix-content-box card   sticky-top pix-sticky-top-adjust      rounded-lg bg- w-100  \"   ><div class=\"\" style=\"z-index:30;position:relative;\"><div class=\"pix-el-text w-100  \" ><p class=\"text-18 m-0 text-heading-default  font-weight-bold secondary-font\" ><span class=\"text-heading-default animate-in d-inline-block\" data-anim-delay=\"200\" data-anim-type=\"fade-in-up\">Th\u00edch s\u1eed d\u1ee5ng ph\u1ea7n t\u1eed h\u1ed9p n\u1ed5i b\u1eadt<\/span><\/p><\/div><div  class=\"pix-heading-el text-left  vc_custom_1688717851166\"><div><div class=\"slide-in-container2\"><h2 class=\"text-primary font-weight-bold heading-text el-title_custom_color mb-12\" style=\"\" data-anim-type=\"\" data-anim-delay=\"0\">M\u00e1y t\u00ednh gi\u00e1 tr\u1ecb Pip ngo\u1ea1i h\u1ed1i<\/h2><\/div><\/div><\/div><div class=\"pix-el-text w-100   vc_custom_1613349567866\" ><p class=\"text-20 m-0 text-body-default  font-weight-bold\" >Gi\u1ea3i ph\u00f3ng s\u1ee9c m\u1ea1nh c\u1ee7a WordPress ngay h\u00f4m nay v\u1edbi Essentials\u26a1\ufe0f X\u00e2y d\u1ef1ng c\u00e1c trang web tuy\u1ec7t \u0111\u1eb9p m\u00e0 kh\u00f4ng c\u1ea7n vi\u1ebft m\u1ed9t d\u00f2ng m\u00e3 n\u00e0o!<\/p><\/div><\/div><\/div>[\/vc_column][vc_column width=&#8221;7\/12&#8243;][vc_raw_html]W2Z4Y2FsY19waXB2YWx1ZV0=[\/vc_raw_html][\/vc_column][\/vc_row][\/vc_section][vc_section full_width=&#8221;stretch_row&#8221; pix_over_visibility=&#8221;&#8221; top_divider_select=&#8221;dynamic&#8221; top_moving_divider_color=&#8221;%5B%7B%22d_gradient%22%3A%22%22%2C%22d_color_1%22%3A%22%23f8f9fa%22%2C%22d_color_2%22%3A%22%23f8f9fa%22%7D%5D&#8221; css=&#8221;.vc_custom_1688717807507{padding-top: 80px !important;padding-bottom: 80px !important;background-color: #ffffff !important;}&#8221;][vc_row pix_particles_check=&#8221;&#8221;][vc_column width=&#8221;5\/12&#8243;]<div class=\"pix-content-box card   sticky-top pix-sticky-top-adjust      rounded-lg bg- w-100  \"   ><div class=\"\" style=\"z-index:30;position:relative;\"><div class=\"pix-el-text w-100  \" ><p class=\"text-18 m-0 text-heading-default  font-weight-bold secondary-font\" ><span class=\"text-heading-default animate-in d-inline-block\" data-anim-delay=\"200\" data-anim-type=\"fade-in-up\">Th\u00edch s\u1eed d\u1ee5ng ph\u1ea7n t\u1eed h\u1ed9p n\u1ed5i b\u1eadt<\/span><\/p><\/div><div  class=\"pix-heading-el text-left  vc_custom_1688717857268\"><div><div class=\"slide-in-container2\"><h2 class=\"text-primary font-weight-bold heading-text el-title_custom_color mb-12\" style=\"\" data-anim-type=\"\" data-anim-delay=\"0\">C\u00f4ng c\u1ee5 t\u00ednh l\u00e3i v\u00e0 l\u1ed7 ngo\u1ea1i h\u1ed1i<\/h2><\/div><\/div><\/div><div class=\"pix-el-text w-100   vc_custom_1613349567866\" ><p class=\"text-20 m-0 text-body-default  font-weight-bold\" >Gi\u1ea3i ph\u00f3ng s\u1ee9c m\u1ea1nh c\u1ee7a WordPress ngay h\u00f4m nay v\u1edbi Essentials\u26a1\ufe0f X\u00e2y d\u1ef1ng c\u00e1c trang web tuy\u1ec7t \u0111\u1eb9p m\u00e0 kh\u00f4ng c\u1ea7n vi\u1ebft m\u1ed9t d\u00f2ng m\u00e3 n\u00e0o!<\/p><\/div><\/div><\/div>[\/vc_column][vc_column width=&#8221;7\/12&#8243;][vc_raw_html]W2Z4Y2FsY19wcm9maXRd[\/vc_raw_html][\/vc_column][\/vc_row][\/vc_section]<\/div>","protected":false},"excerpt":{"rendered":"[vc_section full_width=&#8221;stretch_row&#8221; pix_over_visibility=&#8221;&#8221; bottom_divider_select=&#8221;19&#8243; bottom_layers=&#8221;1&#8243; b_1_color=&#8221;#f8f9fa&#8221; css=&#8221;.vc_custom_1592520012932{padding-top: 60px !important;padding-bottom: 60px !important;background-color: #ffffff !important;}&#8221;][vc_row pix_particles_check=&#8221;&#8221; css=&#8221;.vc_custom_1688376982002{padding-top: 80px !important;}&#8221;][vc_column content_align=&#8221;text-center&#8221; offset=&#8221;vc_col-md-offset-2 vc_col-md-8&#8243;][\/vc_column][\/vc_row][\/vc_section][vc_section full_width=&#8221;stretch_row&#8221; pix_over_visibility=&#8221;&#8221; bottom_divider_select=&#8221;dynamic&#8221; bottom_moving_divider_color=&#8221;%5B%7B%22d_color_1%22%3A%22%23f8f9fa%22%2C%22d_color_2%22%3A%22%23f8f9fa%22%7D%5D&#8221; css=&#8221;.vc_custom_1688717793437{padding-top: 80px !important;padding-bottom: 80px !important;background-color: #ffffff !important;}&#8221;][vc_row pix_particles_check=&#8221;&#8221;][vc_column width=&#8221;5\/12&#8243;][\/vc_column][vc_column width=&#8221;7\/12&#8243;][vc_raw_html]W2Z4Y2FsY19tYXJnaW5d[\/vc_raw_html][\/vc_column][\/vc_row][\/vc_section][vc_section full_width=&#8221;stretch_row&#8221; pix_over_visibility=&#8221;&#8221; bottom_divider_select=&#8221;dynamic&#8221; bottom_moving_divider_color=&#8221;%5B%7B%22d_color_1%22%3A%22%23f8f9fa%22%2C%22d_color_2%22%3A%22%23f8f9fa%22%7D%5D&#8221; top_divider_select=&#8221;dynamic&#8221; top_moving_divider_color=&#8221;%5B%7B%22d_gradient%22%3A%22%22%2C%22d_color_1%22%3A%22%23f8f9fa%22%2C%22d_color_2%22%3A%22%23f8f9fa%22%7D%5D&#8221;&#8230;","protected":false},"author":2,"featured_media":0,"parent":0,"menu_order":0,"comment_status":"closed","ping_status":"closed","template":"","meta":{"footnotes":""},"class_list":["post-15164","page","type-page","status-publish","hentry"],"_links":{"self":[{"href":"https:\/\/viexs.co.uk\/vi\/wp-json\/wp\/v2\/pages\/15164","targetHints":{"allow":["GET"]}}],"collection":[{"href":"https:\/\/viexs.co.uk\/vi\/wp-json\/wp\/v2\/pages"}],"about":[{"href":"https:\/\/viexs.co.uk\/vi\/wp-json\/wp\/v2\/types\/page"}],"author":[{"embeddable":true,"href":"https:\/\/viexs.co.uk\/vi\/wp-json\/wp\/v2\/users\/2"}],"replies":[{"embeddable":true,"href":"https:\/\/viexs.co.uk\/vi\/wp-json\/wp\/v2\/comments?post=15164"}],"version-history":[{"count":3,"href":"https:\/\/viexs.co.uk\/vi\/wp-json\/wp\/v2\/pages\/15164\/revisions"}],"predecessor-version":[{"id":15818,"href":"https:\/\/viexs.co.uk\/vi\/wp-json\/wp\/v2\/pages\/15164\/revisions\/15818"}],"wp:attachment":[{"href":"https:\/\/viexs.co.uk\/vi\/wp-json\/wp\/v2\/media?parent=15164"}],"curies":[{"name":"wp","href":"https:\/\/api.w.org\/{rel}","templated":true}]}}